{"id":1359,"date":"2024-08-20T11:28:15","date_gmt":"2024-08-20T11:28:15","guid":{"rendered":"https:\/\/www.manufast.be\/duurzame-ontwikkeling\/samenwerkingsverbanden\/"},"modified":"2025-02-18T10:00:55","modified_gmt":"2025-02-18T10:00:55","slug":"samenwerkingsverbanden","status":"publish","type":"page","link":"https:\/\/www.manufast.be\/nl\/duurzame-ontwikkeling\/samenwerkingsverbanden\/","title":{"rendered":"Samenwerkingsverbanden"},"content":{"rendered":"<p>[et_pb_section fb_built=&#8221;1&#8243; custom_padding_last_edited=&#8221;on|phone&#8221; _builder_version=&#8221;4.25.2&#8243; _module_preset=&#8221;default&#8221; background_enable_image=&#8221;off&#8221; background_size=&#8221;custom&#8221; background_image_width=&#8221;45vw&#8221; background_position=&#8221;top_right&#8221; background_horizontal_offset=&#8221;-15%&#8221; background_vertical_offset=&#8221;-10vh&#8221; custom_margin=&#8221;120px||||false|false&#8221; custom_margin_tablet=&#8221;0px||||false|false&#8221; custom_margin_phone=&#8221;40px||0px||false|false&#8221; custom_margin_last_edited=&#8221;on|tablet&#8221; custom_padding=&#8221;11vw||0px||false|false&#8221; custom_padding_tablet=&#8221;8vw||3vw||false|false&#8221; custom_padding_phone=&#8221;60px||0vw||false|false&#8221; background_last_edited=&#8221;off|desktop&#8221; background_image_width_tablet=&#8221;50vw&#8221; background_image_width_phone=&#8221;60vw&#8221; background_position_phone=&#8221;top_left&#8221; background_horizontal_offset_phone=&#8221;120%&#8221; background_vertical_offset_tablet=&#8221;-6vh&#8221; background_vertical_offset_phone=&#8221;-4vh&#8221; global_colors_info=&#8221;{}&#8221;][et_pb_row column_structure=&#8221;1_4,3_4&#8243; use_custom_gutter=&#8221;on&#8221; make_equal=&#8221;on&#8221; _builder_version=&#8221;4.25.2&#8243; _module_preset=&#8221;default&#8221; custom_padding=&#8221;0px||7vw||false|false&#8221; global_colors_info=&#8221;{}&#8221;][et_pb_column type=&#8221;1_4&#8243; _builder_version=&#8221;4.25.2&#8243; _module_preset=&#8221;default&#8221; global_colors_info=&#8221;{}&#8221; custom_css_main_element_last_edited=&#8221;off|desktop&#8221; custom_css_main_element_tablet=&#8221;width: 50%;&#8221; custom_css_main_element_phone=&#8221;width: 100%;&#8221;][et_pb_blurb title=&#8221;TERUG NAAR DE ODS&#8221; url=&#8221;https:\/\/www.manufast.be\/nl\/duurzame-ontwikkeling&#8221; use_icon=&#8221;on&#8221; font_icon=&#8221;&#x34;||divi||400&#8243; icon_placement=&#8221;left&#8221; image_icon_width=&#8221;22px&#8221; content_max_width=&#8221;1100px&#8221; image_icon_width_tablet=&#8221;22px&#8221; image_icon_width_phone=&#8221;19px&#8221; image_icon_width_last_edited=&#8221;on|phone&#8221; _builder_version=&#8221;4.27.4&#8243; _module_preset=&#8221;default&#8221; header_font=&#8221;|300|||||||&#8221; header_font_size=&#8221;17px&#8221; image_icon_custom_margin=&#8221;-3px|0px||0px|false|false&#8221; image_icon_custom_padding=&#8221;0px|0px|||false|false&#8221; positioning=&#8221;absolute&#8221; vertical_offset=&#8221;-7vh&#8221; width=&#8221;100%&#8221; link_option_url=&#8221;https:\/\/www.manufast.be\/nl\/duurzame-ontwikkeling&#8221; header_font_size_tablet=&#8221;17px&#8221; header_font_size_phone=&#8221;14px&#8221; header_font_size_last_edited=&#8221;on|phone&#8221; custom_css_blurb_title=&#8221;margin-left: -22px;&#8221; global_colors_info=&#8221;{}&#8221;][\/et_pb_blurb][et_pb_image src=&#8221;https:\/\/www.manufast.be\/wp-content\/uploads\/2024\/12\/SDG-icon-NL-RGB-17.jpg&#8221; title_text=&#8221;SDG-icon-NL-RGB-17&#8243; _builder_version=&#8221;4.27.4&#8243; _module_preset=&#8221;default&#8221; width=&#8221;12vw&#8221; width_tablet=&#8221;200px&#8221; width_phone=&#8221;190px&#8221; width_last_edited=&#8221;on|tablet&#8221; custom_padding_tablet=&#8221;||40px||false|false&#8221; custom_padding_phone=&#8221;||20px||false|false&#8221; custom_padding_last_edited=&#8221;on|tablet&#8221; border_radii=&#8221;on|15px|15px|15px|15px&#8221; global_colors_info=&#8221;{}&#8221;][\/et_pb_image][\/et_pb_column][et_pb_column type=&#8221;3_4&#8243; _builder_version=&#8221;4.25.2&#8243; _module_preset=&#8221;default&#8221; global_colors_info=&#8221;{}&#8221; custom_css_main_element_last_edited=&#8221;off|tablet&#8221; custom_css_main_element_tablet=&#8221;width: 50%;&#8221; custom_css_main_element_phone=&#8221;width: 100%;&#8221;][et_pb_text _builder_version=&#8221;4.27.4&#8243; _module_preset=&#8221;default&#8221; header_font_size=&#8221;3.05vw&#8221; header_line_height=&#8221;3.5vw&#8221; width=&#8221;100%&#8221; width_tablet=&#8221;100%&#8221; width_phone=&#8221;100%&#8221; width_last_edited=&#8221;on|tablet&#8221; custom_margin=&#8221;-10px||3vh||false|false&#8221; custom_margin_tablet=&#8221;-10px||10px||false|false&#8221; custom_margin_phone=&#8221;-10px||10px||false|false&#8221; custom_margin_last_edited=&#8221;on|tablet&#8221; custom_padding=&#8221;0px||1px||false|false&#8221; header_font_size_tablet=&#8221;40px&#8221; header_font_size_phone=&#8221;34px&#8221; header_font_size_last_edited=&#8221;on|phone&#8221; header_line_height_tablet=&#8221;44px&#8221; header_line_height_phone=&#8221;40px&#8221; header_line_height_last_edited=&#8221;on|phone&#8221; global_colors_info=&#8221;{}&#8221;]<\/p>\n<h1 style=\"font-weight: bold;\">Partnerschap om doelstellingen te bereiken<\/h1>\n<p>[\/et_pb_text][et_pb_text _builder_version=&#8221;4.25.2&#8243; _module_preset=&#8221;default&#8221; text_text_color=&#8221;#445D7B&#8221; text_line_height=&#8221;28px&#8221; link_text_color=&#8221;#445D7B&#8221; width=&#8221;650px&#8221; width_tablet=&#8221;100%&#8221; width_phone=&#8221;100%&#8221; width_last_edited=&#8221;on|tablet&#8221; custom_margin=&#8221;||2.5vw||false|false&#8221; custom_margin_tablet=&#8221;||0px||false|false&#8221; custom_margin_phone=&#8221;||0px||false|false&#8221; custom_margin_last_edited=&#8221;on|tablet&#8221; text_font_size_tablet=&#8221;&#8221; text_font_size_phone=&#8221;17px&#8221; text_font_size_last_edited=&#8221;on|phone&#8221; text_line_height_tablet=&#8221;28px&#8221; text_line_height_phone=&#8221;25px&#8221; text_line_height_last_edited=&#8221;on|phone&#8221; custom_css_main_element=&#8221;font-weight: 300;&#8221; locked=&#8221;off&#8221; global_colors_info=&#8221;{}&#8221; link_text_color__hover_enabled=&#8221;on|hover&#8221; link_text_color__hover=&#8221;#FFCB05&#8243;]<\/p>\n<p>We werken nauw samen met <a href=\"https:\/\/www.febrap.be\" target=\"_blank\" rel=\"noopener\">FEBRAP<\/a> (de Brusselse Federatie van Aangepaste Werkbedrijven), <a href=\"https:\/\/www.onsadapte.be\/une-eta\">onsadapte.be<\/a>, alsook met de diensten van <a href=\"https:\/\/phare.irisnet.be\/\">Phare<\/a>, <a href=\"https:\/\/psybru.be\/fr\">Psybru<\/a>, <a href=\"http:\/\/www.archipelbw.be\/\">Archipel<\/a>, <a href=\"https:\/\/www.bataclan.be\/\">Bataclan<\/a> en <a href=\"https:\/\/www.croix-rouge.be\/\">het Rode Kruis<\/a>.<\/p>\n<p>[\/et_pb_text][\/et_pb_column][\/et_pb_row][et_pb_row _builder_version=&#8221;4.25.2&#8243; _module_preset=&#8221;default&#8221; custom_padding=&#8221;0px||0px||false|false&#8221; locked=&#8221;off&#8221; global_colors_info=&#8221;{}&#8221;][et_pb_column type=&#8221;4_4&#8243; _builder_version=&#8221;4.25.2&#8243; _module_preset=&#8221;default&#8221; global_colors_info=&#8221;{}&#8221;][et_pb_image src=&#8221;https:\/\/www.manufast.be\/wp-content\/uploads\/2024\/06\/Manufast-icoon.png&#8221; title_text=&#8221;Manufast icoon&#8221; _builder_version=&#8221;4.25.2&#8243; _module_preset=&#8221;default&#8221; positioning=&#8221;absolute&#8221; position_origin_a=&#8221;bottom_right&#8221; vertical_offset=&#8221;-50px&#8221; vertical_offset_tablet=&#8221;-50px&#8221; vertical_offset_phone=&#8221;-30px&#8221; vertical_offset_last_edited=&#8221;on|phone&#8221; width=&#8221;270px&#8221; width_tablet=&#8221;200px&#8221; width_phone=&#8221;120px&#8221; width_last_edited=&#8221;on|tablet&#8221; global_colors_info=&#8221;{}&#8221;][\/et_pb_image][\/et_pb_column][\/et_pb_row][\/et_pb_section][et_pb_section fb_built=&#8221;1&#8243; custom_padding_last_edited=&#8221;on|tablet&#8221; _builder_version=&#8221;4.25.2&#8243; _module_preset=&#8221;default&#8221; custom_padding_tablet=&#8221;20px||||false|false&#8221; custom_padding_phone=&#8221;20px||||false|false&#8221; global_colors_info=&#8221;{}&#8221;][et_pb_row custom_padding_last_edited=&#8221;on|phone&#8221; _builder_version=&#8221;4.25.2&#8243; _module_preset=&#8221;default&#8221; custom_padding=&#8221;60px|||||&#8221; custom_padding_tablet=&#8221;60px|||||&#8221; custom_padding_phone=&#8221;60px||0px||false|false&#8221; global_colors_info=&#8221;{}&#8221;][et_pb_column type=&#8221;4_4&#8243; _builder_version=&#8221;4.25.2&#8243; _module_preset=&#8221;default&#8221; global_colors_info=&#8221;{}&#8221;][et_pb_text _builder_version=&#8221;4.25.2&#8243; _module_preset=&#8221;default&#8221; text_font=&#8221;|600|||||||&#8221; text_font_size=&#8221;2.25vw&#8221; text_orientation=&#8221;center&#8221; custom_padding=&#8221;||4vw||false|false&#8221; text_font_size_tablet=&#8221;36px&#8221; text_font_size_phone=&#8221;36px&#8221; text_font_size_last_edited=&#8221;on|tablet&#8221; text_line_height_tablet=&#8221;&#8221; text_line_height_phone=&#8221;42px&#8221; text_line_height_last_edited=&#8221;on|phone&#8221; global_colors_info=&#8221;{}&#8221;]<\/p>\n<p>Duurzame ontwikkeling<\/p>\n<p>[\/et_pb_text][dipl_image_card_carousel hide_title=&#8221;on&#8221; cards_per_slide=&#8221;4&#8243; equalize_slides_height=&#8221;on&#8221; slider_loop=&#8221;on&#8221; show_arrow=&#8221;on&#8221; previous_slide_arrow=&#8221;&#x34;||divi||400&#8243; next_slide_arrow=&#8221;&#x35;||divi||400&#8243; arrows_position=&#8221;outside&#8221; arrows_custom_padding=&#8221;0px|4vw|40px|4vw|false|true&#8221; arrow_color=&#8221;#445D7B&#8221; icon_color=&#8221;#445D7B&#8221; slider_container_custom_padding=&#8221;||||false|true&#8221; cards_per_slide_tablet=&#8221;3&#8243; cards_per_slide_phone=&#8221;2&#8243; cards_per_slide_last_edited=&#8221;on|tablet&#8221; space_between_slides_tablet=&#8221;40px&#8221; space_between_slides_phone=&#8221;20px&#8221; space_between_slides_last_edited=&#8221;on|tablet&#8221; arrows_position_tablet=&#8221;bottom_center&#8221; arrows_position_phone=&#8221;bottom_center&#8221; arrows_position_last_edited=&#8221;on|tablet&#8221; arrows_custom_padding_tablet=&#8221;0px|10px|0px|10px|false|true&#8221; arrows_custom_padding_phone=&#8221;0px|10px|0px|10px|false|true&#8221; arrows_custom_padding_last_edited=&#8221;on|tablet&#8221; slider_container_custom_padding_tablet=&#8221;||0px||false|true&#8221; slider_container_custom_padding_phone=&#8221;||20px||false|true&#8221; slider_container_custom_padding_last_edited=&#8221;on|tablet&#8221; _builder_version=&#8221;4.27.4&#8243; _module_preset=&#8221;default&#8221; width=&#8221;90%&#8221; width_tablet=&#8221;100%&#8221; width_phone=&#8221;100%&#8221; width_last_edited=&#8221;on|phone&#8221; module_alignment=&#8221;center&#8221; custom_padding_tablet=&#8221;||40px||false|false&#8221; custom_padding_phone=&#8221;||20px||false|false&#8221; custom_padding_last_edited=&#8221;on|tablet&#8221; border_radii_image=&#8221;on|15px|15px|15px|15px&#8221; saved_tabs=&#8221;all&#8221; locked=&#8221;off&#8221; global_colors_info=&#8221;{}&#8221;][dipl_image_card_carousel_item title=&#8221;Geen armoede&#8221; image=&#8221;https:\/\/www.manufast.be\/wp-content\/uploads\/2024\/12\/SDG-icon-NL-RGB-01.jpg&#8221; image_alt=&#8221;Faim Z\u00e9ro&#8221; content_custom_padding=&#8221;20px||20px||true|true&#8221; _builder_version=&#8221;4.27.4&#8243; _module_preset=&#8221;default&#8221; custom_padding=&#8221;|2.8vw||2.8vw|false|true&#8221; link_option_url=&#8221;\/nl\/developpement-durable\/pas-de-pauvrete&#8221; global_colors_info=&#8221;{}&#8221;][\/dipl_image_card_carousel_item][dipl_image_card_carousel_item title=&#8221;Geen honger&#8221; image=&#8221;https:\/\/www.manufast.be\/wp-content\/uploads\/2024\/12\/SDG-icon-NL-RGB-02.jpg&#8221; image_alt=&#8221;Faim Z\u00e9ro&#8221; content_custom_padding=&#8221;20px||20px||true|true&#8221; _builder_version=&#8221;4.27.4&#8243; _module_preset=&#8221;default&#8221; custom_padding=&#8221;|2.8vw||2.8vw|false|true&#8221; link_option_url=&#8221;\/nl\/developpement-durable\/faim-zero&#8221; global_colors_info=&#8221;{}&#8221;][\/dipl_image_card_carousel_item][dipl_image_card_carousel_item title=&#8221;Goede gezondheid en welzijn&#8221; image=&#8221;https:\/\/www.manufast.be\/wp-content\/uploads\/2024\/12\/SDG-icon-NL-RGB-03.jpg&#8221; image_alt=&#8221;Bonne sant\u00e9 et bien-etre&#8221; _builder_version=&#8221;4.27.4&#8243; _module_preset=&#8221;default&#8221; custom_padding=&#8221;|2.8vw||2.8vw|false|true&#8221; link_option_url=&#8221;\/nl\/developpement-durable\/bonne-sante-et-bien-etre&#8221; global_colors_info=&#8221;{}&#8221;][\/dipl_image_card_carousel_item][dipl_image_card_carousel_item title=&#8221;kwaliteitsonderwijs&#8221; image=&#8221;https:\/\/www.manufast.be\/wp-content\/uploads\/2024\/12\/SDG-icon-NL-RGB-04.jpg&#8221; image_alt=&#8221;\u00e9ducation de qualit\u00e9&#8221; _builder_version=&#8221;4.27.4&#8243; _module_preset=&#8221;default&#8221; custom_padding=&#8221;|2.8vw||2.8vw|false|true&#8221; link_option_url=&#8221;\/nl\/developpement-durable\/education-de-qualite&#8221; global_colors_info=&#8221;{}&#8221;][\/dipl_image_card_carousel_item][dipl_image_card_carousel_item title=&#8221;gendergelijkheid&#8221; image=&#8221;https:\/\/www.manufast.be\/wp-content\/uploads\/2024\/12\/SDG-icon-NL-RGB-05.jpg&#8221; image_alt=&#8221;\u00e9galit\u00e9 entre les sexes&#8221; _builder_version=&#8221;4.27.4&#8243; _module_preset=&#8221;default&#8221; custom_padding=&#8221;|2.8vw||2.8vw|false|true&#8221; link_option_url=&#8221;\/nl\/developpement-durable\/egalite-entre-les-sexes&#8221; global_colors_info=&#8221;{}&#8221;][\/dipl_image_card_carousel_item][dipl_image_card_carousel_item title=&#8221;Schoon water en sanitaire voorzieningen&#8221; image=&#8221;https:\/\/www.manufast.be\/wp-content\/uploads\/2024\/12\/SDG-icon-NL-RGB-06.jpg&#8221; image_alt=&#8221;Eau propre et assainissement&#8221; _builder_version=&#8221;4.27.4&#8243; _module_preset=&#8221;default&#8221; custom_padding=&#8221;|2.8vw||2.8vw|false|true&#8221; link_option_url=&#8221;\/nl\/developpement-durable\/eau-propre-et-assainissement&#8221; global_colors_info=&#8221;{}&#8221;][\/dipl_image_card_carousel_item][dipl_image_card_carousel_item title=&#8221;Betaalbare en duurzame energie&#8221; image=&#8221;https:\/\/www.manufast.be\/wp-content\/uploads\/2024\/12\/SDG-icon-NL-RGB-07.jpg&#8221; image_alt=&#8221;\u00e9nergie propre et d&#8217;un co\u00fbt abordable&#8221; _builder_version=&#8221;4.27.4&#8243; _module_preset=&#8221;default&#8221; custom_padding=&#8221;|2.8vw||2.8vw|false|true&#8221; link_option_url=&#8221;\/nl\/developpement-durable\/energie-propre-et-d-un-cout-abordable&#8221; global_colors_info=&#8221;{}&#8221;][\/dipl_image_card_carousel_item][dipl_image_card_carousel_item title=&#8221;Eerlijk werk en economische groei&#8221; image=&#8221;https:\/\/www.manufast.be\/wp-content\/uploads\/2024\/12\/SDG-icon-NL-RGB-08.jpg&#8221; image_alt=&#8221;Travail d\u00e9cent et croissance \u00e9conomique&#8221; _builder_version=&#8221;4.27.4&#8243; _module_preset=&#8221;default&#8221; custom_padding=&#8221;|2.8vw||2.8vw|false|true&#8221; link_option_url=&#8221;\/nl\/developpement-durable\/travail-decent-et-croissance-economique&#8221; global_colors_info=&#8221;{}&#8221;][\/dipl_image_card_carousel_item][dipl_image_card_carousel_item title=&#8221;industrie, innovatie en infrastructuur&#8221; image=&#8221;https:\/\/www.manufast.be\/wp-content\/uploads\/2024\/12\/SDG-icon-NL-RGB-09.jpg&#8221; image_alt=&#8221;industrie, innovation et infrastructure&#8221; _builder_version=&#8221;4.27.4&#8243; _module_preset=&#8221;default&#8221; custom_padding=&#8221;|2.8vw||2.8vw|false|true&#8221; link_option_url=&#8221;\/nl\/developpement-durable\/industrie-innovation-et-infrastructure&#8221; global_colors_info=&#8221;{}&#8221;][\/dipl_image_card_carousel_item][dipl_image_card_carousel_item title=&#8221;ongelijkheden verminderd&#8221; image=&#8221;https:\/\/www.manufast.be\/wp-content\/uploads\/2024\/12\/SDG-icon-NL-RGB-10.jpg&#8221; image_alt=&#8221;in\u00e9galit\u00e9s r\u00e9duites&#8221; _builder_version=&#8221;4.27.4&#8243; _module_preset=&#8221;default&#8221; custom_padding=&#8221;|2.8vw||2.8vw|false|true&#8221; link_option_url=&#8221;\/nl\/developpement-durable\/inegalites-reduites&#8221; global_colors_info=&#8221;{}&#8221;][\/dipl_image_card_carousel_item][dipl_image_card_carousel_item title=&#8221;duurzame steden en gemeenschappen&#8221; image=&#8221;https:\/\/www.manufast.be\/wp-content\/uploads\/2024\/12\/SDG-icon-NL-RGB-11.jpg&#8221; image_alt=&#8221;villes et communaut\u00e9s durables&#8221; _builder_version=&#8221;4.27.4&#8243; _module_preset=&#8221;default&#8221; custom_padding=&#8221;|2.8vw||2.8vw|false|true&#8221; link_option_url=&#8221;\/nl\/developpement-durable\/villes-et-communautes-durables&#8221; global_colors_info=&#8221;{}&#8221;][\/dipl_image_card_carousel_item][dipl_image_card_carousel_item title=&#8221;verantwoorde consumptie en productie&#8221; image=&#8221;https:\/\/www.manufast.be\/wp-content\/uploads\/2024\/12\/SDG-icon-NL-RGB-12.jpg&#8221; image_alt=&#8221;consommation et production responsables&#8221; _builder_version=&#8221;4.27.4&#8243; _module_preset=&#8221;default&#8221; custom_padding=&#8221;|2.8vw||2.8vw|false|true&#8221; link_option_url=&#8221;\/nl\/developpement-durable\/consommation-et-production-responsables&#8221; global_colors_info=&#8221;{}&#8221;][\/dipl_image_card_carousel_item][dipl_image_card_carousel_item title=&#8221;klimaatactie&#8221; image=&#8221;https:\/\/www.manufast.be\/wp-content\/uploads\/2024\/12\/SDG-icon-NL-RGB-13.jpg&#8221; image_alt=&#8221;mesures relatives \u00e0 la lutte contre les changements climatiques&#8221; _builder_version=&#8221;4.27.4&#8243; _module_preset=&#8221;default&#8221; custom_padding=&#8221;|2.8vw||2.8vw|false|true&#8221; link_option_url=&#8221;\/nl\/developpement-durable\/mesures-relatives-a-la-lutte-contre-les-changements-climatiques&#8221; global_colors_info=&#8221;{}&#8221;][\/dipl_image_card_carousel_item][dipl_image_card_carousel_item title=&#8221;Leven in het water&#8221; image=&#8221;https:\/\/www.manufast.be\/wp-content\/uploads\/2024\/12\/SDG-icon-NL-RGB-14.jpg&#8221; image_alt=&#8221;vie aquatique&#8221; _builder_version=&#8221;4.27.4&#8243; _module_preset=&#8221;default&#8221; custom_padding=&#8221;|2.8vw||2.8vw|false|true&#8221; link_option_url=&#8221;\/nl\/developpement-durable\/vie-aquatique&#8221; global_colors_info=&#8221;{}&#8221;][\/dipl_image_card_carousel_item][dipl_image_card_carousel_item title=&#8221;Leven op het land&#8221; image=&#8221;https:\/\/www.manufast.be\/wp-content\/uploads\/2024\/12\/SDG-icon-NL-RGB-15.jpg&#8221; image_alt=&#8221;vie terrestre&#8221; _builder_version=&#8221;4.27.4&#8243; _module_preset=&#8221;default&#8221; custom_padding=&#8221;|2.8vw||2.8vw|false|true&#8221; link_option_url=&#8221;\/nl\/developpement-durable\/vie-terrestre&#8221; global_colors_info=&#8221;{}&#8221;][\/dipl_image_card_carousel_item][dipl_image_card_carousel_item title=&#8221;Vrede justitie en sterke publieke diensten&#8221; image=&#8221;https:\/\/www.manufast.be\/wp-content\/uploads\/2024\/12\/SDG-icon-NL-RGB-16.jpg&#8221; image_alt=&#8221;paix, justice et institutions efficaces&#8221; _builder_version=&#8221;4.27.4&#8243; _module_preset=&#8221;default&#8221; custom_padding=&#8221;|2.8vw||2.8vw|false|true&#8221; link_option_url=&#8221;\/nl\/developpement-durable\/paix-justice-et-institutions-efficaces&#8221; global_colors_info=&#8221;{}&#8221;][\/dipl_image_card_carousel_item][dipl_image_card_carousel_item title=&#8221;partnerschappen om doelstellingen te bereiken&#8221; image=&#8221;https:\/\/www.manufast.be\/wp-content\/uploads\/2024\/12\/SDG-icon-NL-RGB-17.jpg&#8221; image_alt=&#8221;partenariats pour la r\u00e9alisation des objectifs&#8221; _builder_version=&#8221;4.27.4&#8243; _module_preset=&#8221;default&#8221; custom_padding=&#8221;|2.8vw||2.8vw|false|true&#8221; link_option_url=&#8221;\/nl\/developpement-durable\/partenariats-pour-la-realisation-des-objectifs&#8221; global_colors_info=&#8221;{}&#8221;][\/dipl_image_card_carousel_item][\/dipl_image_card_carousel][et_pb_button button_url=&#8221;https:\/\/www.manufast.be\/contact\/&#8221; button_text=&#8221;Neem contact met ons op&#8221; button_alignment=&#8221;center&#8221; _builder_version=&#8221;4.25.2&#8243; _module_preset=&#8221;default&#8221; custom_button=&#8221;on&#8221; custom_margin_tablet=&#8221;&#8221; custom_margin_phone=&#8221;||20px||false|false&#8221; custom_margin_last_edited=&#8221;on|phone&#8221; button_text_size_tablet=&#8221;&#8221; button_text_size_phone=&#8221;16px&#8221; button_text_size_last_edited=&#8221;on|phone&#8221; global_colors_info=&#8221;{}&#8221;][\/et_pb_button][\/et_pb_column][\/et_pb_row][\/et_pb_section]<\/p>\n","protected":false},"excerpt":{"rendered":"<p>Partnerschap om doelstellingen te bereikenWe werken nauw samen met FEBRAP (de Brusselse Federatie van Aangepaste Werkbedrijven), onsadapte.be, alsook met de diensten van Phare, Psybru, Archipel, Bataclan en het Rode Kruis.Duurzame ontwikkeling<div class=\"et_pb_module dipl_image_card_carousel dipl_image_card_carousel_0  et_pb_text_align_left\">\n\t\t\t\t\n\t\t\t\t\n\t\t\t\t\n\t\t\t\t\n\t\t\t\t\n\t\t\t\t\n\t\t\t\t<div class=\"et_pb_module_inner\">\n\t\t\t\t\t<h1>No Result Found!<\/h1><p>The carousel you requested could not be found. Try changing your module settings or add some new cards.<\/p><\/div>\n\t\t\t\t<\/div>\n\t\t\t<\/div><\/p>\n","protected":false},"author":1,"featured_media":0,"parent":1306,"menu_order":0,"comment_status":"closed","ping_status":"closed","template":"","meta":{"_seopress_robots_primary_cat":"","_seopress_titles_title":"Samenwerkingsverbanden","_seopress_titles_desc":"We werken nauw samen met FEBRAP (de Brusselse Federatie van Aangepaste Werkbedrijven), onsadapte.be, alsook met de diensten van Phare, Psybru, Archipel, Bataclan en het Rode Kruis.","_seopress_robots_index":"","_et_pb_use_builder":"on","_et_pb_old_content":"","_et_gb_content_width":"","footnotes":""},"class_list":["post-1359","page","type-page","status-publish","hentry"],"_links":{"self":[{"href":"https:\/\/www.manufast.be\/nl\/wp-json\/wp\/v2\/pages\/1359","targetHints":{"allow":["GET"]}}],"collection":[{"href":"https:\/\/www.manufast.be\/nl\/wp-json\/wp\/v2\/pages"}],"about":[{"href":"https:\/\/www.manufast.be\/nl\/wp-json\/wp\/v2\/types\/page"}],"author":[{"embeddable":true,"href":"https:\/\/www.manufast.be\/nl\/wp-json\/wp\/v2\/users\/1"}],"replies":[{"embeddable":true,"href":"https:\/\/www.manufast.be\/nl\/wp-json\/wp\/v2\/comments?post=1359"}],"version-history":[{"count":8,"href":"https:\/\/www.manufast.be\/nl\/wp-json\/wp\/v2\/pages\/1359\/revisions"}],"predecessor-version":[{"id":3011,"href":"https:\/\/www.manufast.be\/nl\/wp-json\/wp\/v2\/pages\/1359\/revisions\/3011"}],"up":[{"embeddable":true,"href":"https:\/\/www.manufast.be\/nl\/wp-json\/wp\/v2\/pages\/1306"}],"wp:attachment":[{"href":"https:\/\/www.manufast.be\/nl\/wp-json\/wp\/v2\/media?parent=1359"}],"curies":[{"name":"wp","href":"https:\/\/api.w.org\/{rel}","templated":true}]}}