{"id":2352,"date":"2024-12-12T09:36:23","date_gmt":"2024-12-12T09:36:23","guid":{"rendered":"https:\/\/www.manufast.be\/?page_id=2352"},"modified":"2024-12-12T14:27:49","modified_gmt":"2024-12-12T14:27:49","slug":"duurzame-ontwikkeling-2","status":"publish","type":"page","link":"https:\/\/www.manufast.be\/nl\/duurzame-ontwikkeling-2\/","title":{"rendered":"Duurzame ontwikkeling"},"content":{"rendered":"<p>[et_pb_section fb_built=&#8221;1&#8243; custom_padding_last_edited=&#8221;on|phone&#8221; _builder_version=&#8221;4.25.2&#8243; _module_preset=&#8221;default&#8221; background_enable_image=&#8221;off&#8221; background_size=&#8221;custom&#8221; background_image_width=&#8221;45vw&#8221; background_position=&#8221;top_right&#8221; background_horizontal_offset=&#8221;-15%&#8221; background_vertical_offset=&#8221;-10vh&#8221; custom_margin=&#8221;120px||||false|false&#8221; custom_margin_tablet=&#8221;0px||||false|false&#8221; custom_margin_phone=&#8221;0px||||false|false&#8221; custom_margin_last_edited=&#8221;on|tablet&#8221; custom_padding=&#8221;11vw||8.5vw||false|false&#8221; custom_padding_tablet=&#8221;8vw||11vw||false|false&#8221; custom_padding_phone=&#8221;60px||20px||false|false&#8221; background_last_edited=&#8221;off|desktop&#8221; background_image_width_tablet=&#8221;50vw&#8221; background_image_width_phone=&#8221;60vw&#8221; background_position_phone=&#8221;top_left&#8221; background_horizontal_offset_phone=&#8221;120%&#8221; background_vertical_offset_tablet=&#8221;-6vh&#8221; background_vertical_offset_phone=&#8221;-4vh&#8221; global_colors_info=&#8221;{}&#8221;][et_pb_row column_structure=&#8221;2_3,1_3&#8243; use_custom_gutter=&#8221;on&#8221; gutter_width=&#8221;1&#8243; make_equal=&#8221;on&#8221; _builder_version=&#8221;4.25.2&#8243; _module_preset=&#8221;default&#8221; custom_padding=&#8221;0px||6vw||false|false&#8221; global_colors_info=&#8221;{}&#8221;][et_pb_column type=&#8221;2_3&#8243; _builder_version=&#8221;4.25.2&#8243; _module_preset=&#8221;default&#8221; global_colors_info=&#8221;{}&#8221; custom_css_main_element_last_edited=&#8221;on|phone&#8221; custom_css_main_element_tablet=&#8221;width: 50%;&#8221; custom_css_main_element_phone=&#8221;width: 100%;&#8221;][et_pb_text _builder_version=&#8221;4.25.2&#8243; _module_preset=&#8221;default&#8221; header_font_size=&#8221;2.9vw&#8221; header_line_height=&#8221;5vw&#8221; width_tablet=&#8221;100%&#8221; width_phone=&#8221;100%&#8221; width_last_edited=&#8221;off|desktop&#8221; custom_margin=&#8221;-10px||3vh||false|false&#8221; custom_margin_tablet=&#8221;-10px||10px||false|false&#8221; custom_margin_phone=&#8221;-10px||10px||false|false&#8221; custom_margin_last_edited=&#8221;on|tablet&#8221; custom_padding=&#8221;0px||||false|false&#8221; header_font_size_tablet=&#8221;40px&#8221; header_font_size_phone=&#8221;34px&#8221; header_font_size_last_edited=&#8221;on|phone&#8221; header_line_height_tablet=&#8221;44px&#8221; header_line_height_phone=&#8221;40px&#8221; header_line_height_last_edited=&#8221;on|phone&#8221; global_colors_info=&#8221;{}&#8221;]<\/p>\n<h1 style=\"font-weight: bold;\">Duurzame ontwikkeling<\/h1>\n<p>[\/et_pb_text][et_pb_text _builder_version=&#8221;4.25.2&#8243; _module_preset=&#8221;default&#8221; text_text_color=&#8221;#445D7B&#8221; text_line_height=&#8221;28px&#8221; custom_margin=&#8221;||6vh||false|false&#8221; custom_margin_tablet=&#8221;||40px||false|false&#8221; custom_margin_phone=&#8221;||40px||false|false&#8221; custom_margin_last_edited=&#8221;on|tablet&#8221; text_font_size_tablet=&#8221;&#8221; text_font_size_phone=&#8221;17px&#8221; text_font_size_last_edited=&#8221;on|phone&#8221; text_line_height_tablet=&#8221;28px&#8221; text_line_height_phone=&#8221;25px&#8221; text_line_height_last_edited=&#8221;on|phone&#8221; custom_css_main_element=&#8221;font-weight: 300;&#8221; locked=&#8221;off&#8221; global_colors_info=&#8221;{}&#8221;]<\/p>\n<div class=\"et_pb_column et_pb_column_2_3 et_pb_column_0  et_pb_css_mix_blend_mode_passthrough\">\n<div class=\"et_pb_module et_pb_text et_pb_text_1  et_pb_text_align_left et_pb_bg_layout_light\">\n<div class=\"et_pb_text_inner\">\n<p>De kern van de 2030-agenda wordt gevormd door 17 Duurzame Ontwikkelingsdoelen (SDG\u2019s). Ze omvatten alle ontwikkelingsuitdagingen van de wereld, waaronder klimaat, biodiversiteit, energie, water, armoede, gendergelijkheid, economische welvaart, vrede, landbouw en onderwijs.<\/p>\n<\/div>\n<\/div>\n<\/div>\n<p>[\/et_pb_text][et_pb_button button_url=&#8221;\/contact&#8221; button_text=&#8221;Contactez-nous&#8221; disabled_on=&#8221;on|on|on&#8221; _builder_version=&#8221;4.25.2&#8243; _module_preset=&#8221;default&#8221; custom_button=&#8221;on&#8221; custom_margin_tablet=&#8221;&#8221; custom_margin_phone=&#8221;||20px||false|false&#8221; custom_margin_last_edited=&#8221;on|phone&#8221; button_text_size_tablet=&#8221;&#8221; button_text_size_phone=&#8221;16px&#8221; button_text_size_last_edited=&#8221;on|phone&#8221; disabled=&#8221;on&#8221; global_colors_info=&#8221;{}&#8221;][\/et_pb_button][\/et_pb_column][et_pb_column type=&#8221;1_3&#8243; _builder_version=&#8221;4.25.2&#8243; _module_preset=&#8221;default&#8221; custom_css_main_element=&#8221;display: flex;||flex-direction: column;||justify-content: center;||&#8221; global_colors_info=&#8221;{}&#8221; custom_css_main_element_last_edited=&#8221;on|phone&#8221; custom_css_main_element_tablet=&#8221;width: 50%;&#8221; custom_css_main_element_phone=&#8221;width: 100%;&#8221;][\/et_pb_column][\/et_pb_row][et_pb_row column_structure=&#8221;1_5,1_5,1_5,1_5,1_5&#8243; use_custom_gutter=&#8221;on&#8221; gutter_width=&#8221;4&#8243; custom_padding_last_edited=&#8221;on|phone&#8221; disabled_on=&#8221;on|on|off&#8221; _builder_version=&#8221;4.25.2&#8243; _module_preset=&#8221;default&#8221; custom_padding=&#8221;0px||3.2vw||false|false&#8221; custom_padding_tablet=&#8221;0px||3.2vw||false|false&#8221; custom_padding_phone=&#8221;0px||30px||false|false&#8221; global_colors_info=&#8221;{}&#8221;][et_pb_column type=&#8221;1_5&#8243; _builder_version=&#8221;4.25.2&#8243; _module_preset=&#8221;default&#8221; global_colors_info=&#8221;{}&#8221;][et_pb_image src=&#8221;https:\/\/www.manufast.be\/wp-content\/uploads\/2024\/08\/manufast-goal-1.png&#8221; title_text=&#8221;pas-de-pauvret\u00e9&#8221; url=&#8221;\/nl\/developpement-durable\/pas-de-pauvrete&#8221; _builder_version=&#8221;4.27.4&#8243; _module_preset=&#8221;default&#8221; border_radii=&#8221;on|15px|15px|15px|15px&#8221; global_colors_info=&#8221;{}&#8221;][\/et_pb_image][\/et_pb_column][et_pb_column type=&#8221;1_5&#8243; _builder_version=&#8221;4.25.2&#8243; _module_preset=&#8221;default&#8221; global_colors_info=&#8221;{}&#8221;][et_pb_image src=&#8221;https:\/\/www.manufast.be\/wp-content\/uploads\/2024\/08\/manufast-goal-2.png&#8221; title_text=&#8221;Faim Z\u00e9ro&#8221; url=&#8221;\/nl\/developpement-durable\/faim-zero&#8221; _builder_version=&#8221;4.27.4&#8243; _module_preset=&#8221;default&#8221; hover_enabled=&#8221;0&#8243; border_radii=&#8221;on|15px|15px|15px|15px&#8221; global_colors_info=&#8221;{}&#8221; sticky_enabled=&#8221;0&#8243;][\/et_pb_image][\/et_pb_column][et_pb_column type=&#8221;1_5&#8243; _builder_version=&#8221;4.25.2&#8243; _module_preset=&#8221;default&#8221; global_colors_info=&#8221;{}&#8221;][et_pb_image src=&#8221;https:\/\/www.manufast.be\/wp-content\/uploads\/2024\/08\/manufast-goal-3.png&#8221; title_text=&#8221;Bonne sant\u00e9 et bien-etre&#8221; url=&#8221;\/nl\/developpement-durable\/bonne-sante-et-bien-etre&#8221; _builder_version=&#8221;4.27.4&#8243; _module_preset=&#8221;default&#8221; border_radii=&#8221;on|15px|15px|15px|15px&#8221; global_colors_info=&#8221;{}&#8221;][\/et_pb_image][\/et_pb_column][et_pb_column type=&#8221;1_5&#8243; _builder_version=&#8221;4.25.2&#8243; _module_preset=&#8221;default&#8221; global_colors_info=&#8221;{}&#8221;][et_pb_image src=&#8221;https:\/\/www.manufast.be\/wp-content\/uploads\/2024\/08\/manufast-goal-4.png&#8221; title_text=&#8221;\u00e9ducation de qualit\u00e9&#8221; url=&#8221;\/developpement-durable\/education-de-qualite&#8221; _builder_version=&#8221;4.25.2&#8243; _module_preset=&#8221;default&#8221; border_radii=&#8221;on|15px|15px|15px|15px&#8221; global_colors_info=&#8221;{}&#8221;][\/et_pb_image][\/et_pb_column][et_pb_column type=&#8221;1_5&#8243; _builder_version=&#8221;4.25.2&#8243; _module_preset=&#8221;default&#8221; global_colors_info=&#8221;{}&#8221;][et_pb_image src=&#8221;https:\/\/www.manufast.be\/wp-content\/uploads\/2024\/08\/manufast-goal-5.png&#8221; title_text=&#8221;\u00e9galit\u00e9 entre les sexes&#8221; url=&#8221;\/nl\/developpement-durable\/egalite-entre-les-sexes&#8221; _builder_version=&#8221;4.27.4&#8243; _module_preset=&#8221;default&#8221; border_radii=&#8221;on|15px|15px|15px|15px&#8221; global_colors_info=&#8221;{}&#8221;][\/et_pb_image][\/et_pb_column][\/et_pb_row][et_pb_row column_structure=&#8221;1_5,1_5,1_5,1_5,1_5&#8243; use_custom_gutter=&#8221;on&#8221; gutter_width=&#8221;4&#8243; custom_padding_last_edited=&#8221;on|phone&#8221; disabled_on=&#8221;on|on|off&#8221; _builder_version=&#8221;4.25.2&#8243; _module_preset=&#8221;default&#8221; custom_margin=&#8221;||||false|false&#8221; custom_padding=&#8221;0px||3.2vw||false|false&#8221; custom_padding_tablet=&#8221;0px||||false|false&#8221; custom_padding_phone=&#8221;0px||30px||false|false&#8221; global_colors_info=&#8221;{}&#8221;][et_pb_column type=&#8221;1_5&#8243; _builder_version=&#8221;4.25.2&#8243; _module_preset=&#8221;default&#8221; global_colors_info=&#8221;{}&#8221;][et_pb_image src=&#8221;https:\/\/www.manufast.be\/wp-content\/uploads\/2024\/08\/manufast-goal-6.png&#8221; title_text=&#8221;eau-propre-et-assainissement&#8221; url=&#8221;\/nl\/developpement-durable\/eau-propre-et-assainissement&#8221; _builder_version=&#8221;4.27.4&#8243; _module_preset=&#8221;default&#8221; border_radii=&#8221;on|15px|15px|15px|15px&#8221; global_colors_info=&#8221;{}&#8221;][\/et_pb_image][\/et_pb_column][et_pb_column type=&#8221;1_5&#8243; _builder_version=&#8221;4.25.2&#8243; _module_preset=&#8221;default&#8221; global_colors_info=&#8221;{}&#8221;][et_pb_image src=&#8221;https:\/\/www.manufast.be\/wp-content\/uploads\/2024\/08\/manufast-goal-7.png&#8221; title_text=&#8221;\u00e9nergie propre et d&#8217;un co\u00fbt abordable&#8221; url=&#8221;\/nl\/developpement-durable\/energie-propre-et-dun-cout-abordable&#8221; _builder_version=&#8221;4.27.4&#8243; _module_preset=&#8221;default&#8221; border_radii=&#8221;on|15px|15px|15px|15px&#8221; global_colors_info=&#8221;{}&#8221;][\/et_pb_image][\/et_pb_column][et_pb_column type=&#8221;1_5&#8243; _builder_version=&#8221;4.25.2&#8243; _module_preset=&#8221;default&#8221; global_colors_info=&#8221;{}&#8221;][et_pb_image src=&#8221;https:\/\/www.manufast.be\/wp-content\/uploads\/2024\/08\/manufast-goal-8.png&#8221; title_text=&#8221;Travail d\u00e9cent et croissance \u00e9conomique&#8221; url=&#8221;\/nl\/developpement-durable\/travail-decent-et-croissance-economique&#8221; _builder_version=&#8221;4.27.4&#8243; _module_preset=&#8221;default&#8221; border_radii=&#8221;on|15px|15px|15px|15px&#8221; global_colors_info=&#8221;{}&#8221;][\/et_pb_image][\/et_pb_column][et_pb_column type=&#8221;1_5&#8243; _builder_version=&#8221;4.25.2&#8243; _module_preset=&#8221;default&#8221; global_colors_info=&#8221;{}&#8221;][et_pb_image src=&#8221;https:\/\/www.manufast.be\/wp-content\/uploads\/2024\/08\/manufast-goal-9.png&#8221; title_text=&#8221;industrie, innovation et infrastructure&#8221; url=&#8221;\/nl\/developpement-durable\/industrie-innovation-et-infrastructure&#8221; _builder_version=&#8221;4.27.4&#8243; _module_preset=&#8221;default&#8221; border_radii=&#8221;on|15px|15px|15px|15px&#8221; global_colors_info=&#8221;{}&#8221;][\/et_pb_image][\/et_pb_column][et_pb_column type=&#8221;1_5&#8243; _builder_version=&#8221;4.25.2&#8243; _module_preset=&#8221;default&#8221; global_colors_info=&#8221;{}&#8221;][et_pb_image src=&#8221;https:\/\/www.manufast.be\/wp-content\/uploads\/2024\/08\/manufast-goal-10.png&#8221; title_text=&#8221;in\u00e9galit\u00e9s r\u00e9duites&#8221; url=&#8221;\/nl\/developpement-durable\/inegalites-reduites&#8221; _builder_version=&#8221;4.27.4&#8243; _module_preset=&#8221;default&#8221; border_radii=&#8221;on|15px|15px|15px|15px&#8221; global_colors_info=&#8221;{}&#8221;][\/et_pb_image][\/et_pb_column][\/et_pb_row][et_pb_row column_structure=&#8221;1_5,1_5,1_5,1_5,1_5&#8243; use_custom_gutter=&#8221;on&#8221; gutter_width=&#8221;4&#8243; custom_padding_last_edited=&#8221;on|phone&#8221; disabled_on=&#8221;on|on|off&#8221; _builder_version=&#8221;4.25.2&#8243; _module_preset=&#8221;default&#8221; custom_padding=&#8221;0px||3.2vw||false|false&#8221; custom_padding_tablet=&#8221;0px||3.2vw||false|false&#8221; custom_padding_phone=&#8221;0px||30px||false|false&#8221; global_colors_info=&#8221;{}&#8221;][et_pb_column type=&#8221;1_5&#8243; _builder_version=&#8221;4.25.2&#8243; _module_preset=&#8221;default&#8221; global_colors_info=&#8221;{}&#8221;][et_pb_image src=&#8221;https:\/\/www.manufast.be\/wp-content\/uploads\/2024\/08\/manufast-goal-11.png&#8221; title_text=&#8221;villes et communaut\u00e9s durables&#8221; url=&#8221;\/nl\/developpement-durable\/villes-et-communautes-durables&#8221; _builder_version=&#8221;4.27.4&#8243; _module_preset=&#8221;default&#8221; border_radii=&#8221;on|15px|15px|15px|15px&#8221; global_colors_info=&#8221;{}&#8221;][\/et_pb_image][\/et_pb_column][et_pb_column type=&#8221;1_5&#8243; _builder_version=&#8221;4.25.2&#8243; _module_preset=&#8221;default&#8221; global_colors_info=&#8221;{}&#8221;][et_pb_image src=&#8221;https:\/\/www.manufast.be\/wp-content\/uploads\/2024\/08\/manufast-goal-12.png&#8221; title_text=&#8221;consommation-et-production-responsables&#8221; url=&#8221;\/nl\/developpement-durable\/consommation-et-production-responsables&#8221; _builder_version=&#8221;4.27.4&#8243; _module_preset=&#8221;default&#8221; border_radii=&#8221;on|15px|15px|15px|15px&#8221; global_colors_info=&#8221;{}&#8221;][\/et_pb_image][\/et_pb_column][et_pb_column type=&#8221;1_5&#8243; _builder_version=&#8221;4.25.2&#8243; _module_preset=&#8221;default&#8221; global_colors_info=&#8221;{}&#8221;][et_pb_image src=&#8221;https:\/\/www.manufast.be\/wp-content\/uploads\/2024\/08\/manufast-goal-13.png&#8221; title_text=&#8221;mesures-relatives-\u00e0-la-lutte-contre-les-changements-climatiques&#8221; url=&#8221;\/nl\/developpement-durable\/mesures-relatives-a-la-lutte-contre-les-changements-climatiques&#8221; _builder_version=&#8221;4.27.4&#8243; _module_preset=&#8221;default&#8221; border_radii=&#8221;on|15px|15px|15px|15px&#8221; global_colors_info=&#8221;{}&#8221;][\/et_pb_image][\/et_pb_column][et_pb_column type=&#8221;1_5&#8243; _builder_version=&#8221;4.25.2&#8243; _module_preset=&#8221;default&#8221; global_colors_info=&#8221;{}&#8221;][et_pb_image src=&#8221;https:\/\/www.manufast.be\/wp-content\/uploads\/2024\/08\/manufast-goal-14.png&#8221; title_text=&#8221;vie aquatique&#8221; url=&#8221;\/nl\/developpement-durable\/vie-aquatique&#8221; _builder_version=&#8221;4.27.4&#8243; _module_preset=&#8221;default&#8221; border_radii=&#8221;on|15px|15px|15px|15px&#8221; global_colors_info=&#8221;{}&#8221;][\/et_pb_image][\/et_pb_column][et_pb_column type=&#8221;1_5&#8243; _builder_version=&#8221;4.25.2&#8243; _module_preset=&#8221;default&#8221; global_colors_info=&#8221;{}&#8221;][et_pb_image src=&#8221;https:\/\/www.manufast.be\/wp-content\/uploads\/2024\/08\/manufast-goal-15.png&#8221; title_text=&#8221;vie terrestre&#8221; url=&#8221;\/nl\/developpement-durable\/vie-terrestre&#8221; _builder_version=&#8221;4.27.4&#8243; _module_preset=&#8221;default&#8221; border_radii=&#8221;on|15px|15px|15px|15px&#8221; global_colors_info=&#8221;{}&#8221;][\/et_pb_image][\/et_pb_column][\/et_pb_row][et_pb_row column_structure=&#8221;1_5,1_5,1_5,1_5,1_5&#8243; use_custom_gutter=&#8221;on&#8221; gutter_width=&#8221;4&#8243; disabled_on=&#8221;on|on|off&#8221; _builder_version=&#8221;4.25.2&#8243; _module_preset=&#8221;default&#8221; custom_padding=&#8221;0px||0px||false|false&#8221; global_colors_info=&#8221;{}&#8221;][et_pb_column type=&#8221;1_5&#8243; _builder_version=&#8221;4.25.2&#8243; _module_preset=&#8221;default&#8221; global_colors_info=&#8221;{}&#8221;][et_pb_image src=&#8221;https:\/\/www.manufast.be\/wp-content\/uploads\/2024\/08\/manufast-goal-16.png&#8221; title_text=&#8221;paix, justice et institutions efficaces&#8221; url=&#8221;\/nl\/developpement-durable\/paix-justice-et-institutions-efficaces&#8221; _builder_version=&#8221;4.27.4&#8243; _module_preset=&#8221;default&#8221; border_radii=&#8221;on|15px|15px|15px|15px&#8221; global_colors_info=&#8221;{}&#8221;][\/et_pb_image][\/et_pb_column][et_pb_column type=&#8221;1_5&#8243; _builder_version=&#8221;4.25.2&#8243; _module_preset=&#8221;default&#8221; global_colors_info=&#8221;{}&#8221;][et_pb_image src=&#8221;https:\/\/www.manufast.be\/wp-content\/uploads\/2024\/08\/manufast-goal-17.png&#8221; title_text=&#8221;partenariats pour la r\u00e9alisation des objectifs&#8221; url=&#8221;\/nl\/developpement-durable\/partenariats-pour-la-realisation-des-objectifs&#8221; _builder_version=&#8221;4.27.4&#8243; _module_preset=&#8221;default&#8221; border_radii=&#8221;on|15px|15px|15px|15px&#8221; global_colors_info=&#8221;{}&#8221;][\/et_pb_image][\/et_pb_column][et_pb_column type=&#8221;1_5&#8243; _builder_version=&#8221;4.25.2&#8243; _module_preset=&#8221;default&#8221; global_colors_info=&#8221;{}&#8221;][\/et_pb_column][et_pb_column type=&#8221;1_5&#8243; _builder_version=&#8221;4.25.2&#8243; _module_preset=&#8221;default&#8221; global_colors_info=&#8221;{}&#8221;][\/et_pb_column][et_pb_column type=&#8221;1_5&#8243; _builder_version=&#8221;4.25.2&#8243; _module_preset=&#8221;default&#8221; global_colors_info=&#8221;{}&#8221;][\/et_pb_column][\/et_pb_row][\/et_pb_section]<\/p>\n","protected":false},"excerpt":{"rendered":"<p>Duurzame ontwikkeling De kern van de 2030-agenda wordt gevormd door 17 Duurzame Ontwikkelingsdoelen (SDG\u2019s). Ze omvatten alle ontwikkelingsuitdagingen van de wereld, waaronder klimaat, biodiversiteit, energie, water, armoede, gendergelijkheid, economische welvaart, vrede, landbouw en onderwijs.<\/p>\n","protected":false},"author":2,"featured_media":0,"parent":0,"menu_order":0,"comment_status":"closed","ping_status":"closed","template":"","meta":{"_seopress_robots_primary_cat":"","_seopress_titles_title":"Duurzame ontwikkeling","_seopress_titles_desc":"De kern van de 2030-agenda wordt gevormd door 17 Duurzame Ontwikkelingsdoelen (SDG\u2019s). Ze omvatten alle ontwikkelingsuitdagingen van de wereld, waaronder klimaat, biodiversiteit, energie, water, armoede, gendergelijkheid, economische welvaart, vrede, landbouw en onderwijs.","_seopress_robots_index":"","_et_pb_use_builder":"on","_et_pb_old_content":"<!-- wp:divi\/placeholder \/-->","_et_gb_content_width":"","footnotes":""},"class_list":["post-2352","page","type-page","status-publish","hentry"],"_links":{"self":[{"href":"https:\/\/www.manufast.be\/nl\/wp-json\/wp\/v2\/pages\/2352","targetHints":{"allow":["GET"]}}],"collection":[{"href":"https:\/\/www.manufast.be\/nl\/wp-json\/wp\/v2\/pages"}],"about":[{"href":"https:\/\/www.manufast.be\/nl\/wp-json\/wp\/v2\/types\/page"}],"author":[{"embeddable":true,"href":"https:\/\/www.manufast.be\/nl\/wp-json\/wp\/v2\/users\/2"}],"replies":[{"embeddable":true,"href":"https:\/\/www.manufast.be\/nl\/wp-json\/wp\/v2\/comments?post=2352"}],"version-history":[{"count":10,"href":"https:\/\/www.manufast.be\/nl\/wp-json\/wp\/v2\/pages\/2352\/revisions"}],"predecessor-version":[{"id":2426,"href":"https:\/\/www.manufast.be\/nl\/wp-json\/wp\/v2\/pages\/2352\/revisions\/2426"}],"wp:attachment":[{"href":"https:\/\/www.manufast.be\/nl\/wp-json\/wp\/v2\/media?parent=2352"}],"curies":[{"name":"wp","href":"https:\/\/api.w.org\/{rel}","templated":true}]}}